{"id":7,"date":"2017-12-11T14:22:03","date_gmt":"2017-12-11T13:22:03","guid":{"rendered":"https:\/\/mexikanische-musik.de\/v2\/?page_id=7"},"modified":"2018-01-03T13:13:43","modified_gmt":"2018-01-03T12:13:43","slug":"musik","status":"publish","type":"page","link":"https:\/\/mexikanische-musik.de\/mx\/musik\/","title":{"rendered":"M\u00fasica"},"content":{"rendered":"<p><strong>M\u00e9xico y Fiesta son dos palabras que van juntas y sirven para entender la mentalidad y forma de ser de los mexicanos.<\/strong><\/p>\n<p><strong>La Fiesta est\u00e1 en la naturaleza de los mexicanos que siempre encuentran una raz\u00f3n para celebrar aqu\u00ed el baile y la m\u00fasica t\u00edpica no pueden faltar.<\/strong><\/p>\n<p><strong>Por esta pasi\u00f3n por la Fiesta, fundamos hace mas de 20 a\u00f1os el grupo de Mariachis <span style=\"color: #008000;\">\u201c Viva M\u00e9xico \u201c<\/span><\/strong><\/p>\n<p><img loading=\"lazy\" class=\"alignnone size-medium wp-image-12\" src=\"https:\/\/mexikanische-musik.de\/v2\/wp-content\/uploads\/2017\/12\/CIMG3969-300x225.jpg\" alt=\"mexikanischen Fiesta\" width=\"300\" height=\"225\" srcset=\"https:\/\/mexikanische-musik.de\/v2\/wp-content\/uploads\/2017\/12\/CIMG3969-300x225.jpg 300w, https:\/\/mexikanische-musik.de\/v2\/wp-content\/uploads\/2017\/12\/CIMG3969.jpg 500w\" sizes=\"(max-width: 300px) 100vw, 300px\" \/><strong><img loading=\"lazy\" class=\"size-medium wp-image-11 alignright\" src=\"https:\/\/mexikanische-musik.de\/v2\/wp-content\/uploads\/2017\/12\/CIMG2721-300x225.jpg\" alt=\"\" width=\"300\" height=\"225\" srcset=\"https:\/\/mexikanische-musik.de\/v2\/wp-content\/uploads\/2017\/12\/CIMG2721-300x225.jpg 300w, https:\/\/mexikanische-musik.de\/v2\/wp-content\/uploads\/2017\/12\/CIMG2721.jpg 500w\" sizes=\"(max-width: 300px) 100vw, 300px\" \/><\/strong><\/p>\n<p>&nbsp;<\/p>\n<p>&nbsp;<\/p>\n<p><strong>Podemos tocar como D\u00fao, Tr\u00edo, Cuarteto \u00f3 Mariachi. Con esta amplia experiencia, somos el acompa\u00f1amiento perfecto para cualquier evento p\u00fablico \u00f3 privado que tenga un ambiente festivo.<\/strong><\/p>\n<p><strong>Nuestro repertorio de m\u00fasica mexicana es una mezcla de sones, boleros, rancheras, cumbias, rumbas y m\u00fasica sudamericana con una combinaci\u00f3n t\u00edpica de voces, guitarras e instrumentos de percusi\u00f3n tradicionales.<\/strong><\/p>\n<p>&nbsp;<\/p>\n<p>&nbsp;<\/p>\n<p><img loading=\"lazy\" class=\"alignnone wp-image-290 size-large\" src=\"https:\/\/mexikanische-musik.de\/v2\/wp-content\/uploads\/2017\/12\/20150822_174758-1024x576.jpg\" alt=\"\" width=\"1024\" height=\"576\" \/><\/p>\n<p>&nbsp;<\/p>\n<p>&nbsp;<\/p>\n<p><strong><span style=\"color: #008000;\">Esperamos celebrar con Usted su pr\u00f3xima Fiesta <\/span><\/strong><\/p>\n<p>&nbsp;<\/p>\n<p><strong><span style=\"color: #008000;\"><a href=\"https:\/\/mexikanische-musik.de\/v2\/kontakt\/\">Cont\u00e1ctenos!<\/a><br \/>\n<\/span><\/strong><\/p>\n<p>&nbsp;<\/p>\n<p>&nbsp;<\/p>\n<ul>\n<li><strong>\u00a0Mexikanisches Duo, Trio, Quartett<\/strong><\/li>\n<li><strong>Mexikanische Mariachie-Gruppen<\/strong><\/li>\n<li><strong>Mexikanische Tanzgruppen<\/strong><\/li>\n<\/ul>\n<p><\/p>","protected":false},"excerpt":{"rendered":"<p>M\u00e9xico y Fiesta son dos palabras que van juntas y sirven para entender la mentalidad y forma de ser de los mexicanos. La Fiesta est\u00e1 en la naturaleza de los mexicanos que siempre encuentran una raz\u00f3n para celebrar aqu\u00ed el baile y la m\u00fasica t\u00edpica no pueden faltar. Por esta pasi\u00f3n por la Fiesta, fundamos [&hellip;]<\/p>\n","protected":false},"author":1,"featured_media":0,"parent":0,"menu_order":0,"comment_status":"closed","ping_status":"closed","template":"","meta":[],"_links":{"self":[{"href":"https:\/\/mexikanische-musik.de\/mx\/wp-json\/wp\/v2\/pages\/7"}],"collection":[{"href":"https:\/\/mexikanische-musik.de\/mx\/wp-json\/wp\/v2\/pages"}],"about":[{"href":"https:\/\/mexikanische-musik.de\/mx\/wp-json\/wp\/v2\/types\/page"}],"author":[{"embeddable":true,"href":"https:\/\/mexikanische-musik.de\/mx\/wp-json\/wp\/v2\/users\/1"}],"replies":[{"embeddable":true,"href":"https:\/\/mexikanische-musik.de\/mx\/wp-json\/wp\/v2\/comments?post=7"}],"version-history":[{"count":40,"href":"https:\/\/mexikanische-musik.de\/mx\/wp-json\/wp\/v2\/pages\/7\/revisions"}],"predecessor-version":[{"id":333,"href":"https:\/\/mexikanische-musik.de\/mx\/wp-json\/wp\/v2\/pages\/7\/revisions\/333"}],"wp:attachment":[{"href":"https:\/\/mexikanische-musik.de\/mx\/wp-json\/wp\/v2\/media?parent=7"}],"curies":[{"name":"wp","href":"https:\/\/api.w.org\/{rel}","templated":true}]}}