{"id":60,"date":"2017-12-11T16:21:21","date_gmt":"2017-12-11T15:21:21","guid":{"rendered":"https:\/\/mexikanische-musik.de\/v2\/?page_id=60"},"modified":"2018-01-01T14:42:52","modified_gmt":"2018-01-01T13:42:52","slug":"repertoire","status":"publish","type":"page","link":"https:\/\/mexikanische-musik.de\/mx\/repertoire\/","title":{"rendered":"Repertorio"},"content":{"rendered":"<p><strong>Podemos tocar como D\u00fao, Tr\u00edo, Cuarteto \u00f3 Mariachi. Con esta amplia experiencia, somos el acompa\u00f1amiento perfecto para cualquier evento p\u00fablico \u00f3 privado que tenga un ambiente festivo.<\/strong><\/p>\n<p><strong>Nuestro repertorio de m\u00fasica mexicana es una mezcla de sones, boleros, rancheras, cumbias, rumbas y m\u00fasica sudamericana con una combinaci\u00f3n t\u00edpica de voces, guitarras e instrumentos de percusi\u00f3n tradicionales.<\/strong><\/p>\n<p><img loading=\"lazy\" class=\"size-medium wp-image-209 aligncenter\" src=\"https:\/\/mexikanische-musik.de\/v2\/wp-content\/uploads\/2017\/12\/g5-300x210.jpg\" alt=\"\" width=\"300\" height=\"210\" srcset=\"https:\/\/mexikanische-musik.de\/v2\/wp-content\/uploads\/2017\/12\/g5-300x210.jpg 300w, https:\/\/mexikanische-musik.de\/v2\/wp-content\/uploads\/2017\/12\/g5-768x538.jpg 768w, https:\/\/mexikanische-musik.de\/v2\/wp-content\/uploads\/2017\/12\/g5.jpg 1000w\" sizes=\"(max-width: 300px) 100vw, 300px\" \/><\/p>\n<p><strong>Algunos ejemplos de nuetros Repertorio :<\/strong><\/p>\n<p><strong>Boleros ; Perfidia , Besame Mucho , La Paloma ,Solamente una vez, La Barca, Cuando vuelva a tu lado, Cuando calienta el sol, Contigo aprendi, El Reloj, Sabor a mi.<\/strong><\/p>\n<p><strong>Corridos ; La Adelita, Rancho Grande, Juan Charrasqueado, Corrido de Pancho Rivera, El Ausente, Camelia la Texana, La Puerta Negra.<\/strong><\/p>\n<p><strong>Huapangos ; El Jinete, Cielo rojo, El Cascabel, La Malague\u00f1a, Serenata Huasteca, Cucurucucu Paloma, La Llorona.<\/strong><\/p>\n<p><strong>Rancheras ; Las Ma\u00f1anitas, El Rey, Volver volver, No Volvere, La Tuna, Fallaste Corazon, M\u00e9xico Lindo y Querido, Probablemente, La Media Vuelta, Pa todo el a\u00f1o, Amor eterno, La Barca de Oro, De Que Manera Te Olvido, Si Nos Dejan, Amaneci Otra Vez.<\/strong><\/p>\n<p><strong> Ritmicas : Quien Ser\u00e1 , La Bamba , Guantanamera , La Cucaracha , Quizas Quizas La Cucaracha, Cielito Lindo , Maria Isabel , La Mucara, Popurri Cha Cha Cha, Baila Baila, Moliendo Cafe, Desperado, Popurri Cumbias.<\/strong><\/p>\n<p>&nbsp;<\/p>\n<p><img loading=\"lazy\" class=\"alignnone wp-image-284 size-medium\" src=\"https:\/\/mexikanische-musik.de\/v2\/wp-content\/uploads\/2017\/12\/N\u00fcrnberg-300x225.jpg\" alt=\"\" width=\"300\" height=\"225\" srcset=\"https:\/\/mexikanische-musik.de\/v2\/wp-content\/uploads\/2017\/12\/N\u00fcrnberg-300x225.jpg 300w, https:\/\/mexikanische-musik.de\/v2\/wp-content\/uploads\/2017\/12\/N\u00fcrnberg-768x576.jpg 768w, https:\/\/mexikanische-musik.de\/v2\/wp-content\/uploads\/2017\/12\/N\u00fcrnberg-1024x768.jpg 1024w\" sizes=\"(max-width: 300px) 100vw, 300px\" \/><img loading=\"lazy\" class=\"wp-image-17 alignright\" src=\"https:\/\/mexikanische-musik.de\/v2\/wp-content\/uploads\/2017\/12\/IMG_2942-300x200.jpg\" alt=\"\" width=\"338\" height=\"225\" \/><\/p>","protected":false},"excerpt":{"rendered":"<p>Podemos tocar como D\u00fao, Tr\u00edo, Cuarteto \u00f3 Mariachi. Con esta amplia experiencia, somos el acompa\u00f1amiento perfecto para cualquier evento p\u00fablico \u00f3 privado que tenga un ambiente festivo. Nuestro repertorio de m\u00fasica mexicana es una mezcla de sones, boleros, rancheras, cumbias, rumbas y m\u00fasica sudamericana con una combinaci\u00f3n t\u00edpica de voces, guitarras e instrumentos de percusi\u00f3n [&hellip;]<\/p>\n","protected":false},"author":1,"featured_media":0,"parent":0,"menu_order":0,"comment_status":"closed","ping_status":"closed","template":"","meta":[],"_links":{"self":[{"href":"https:\/\/mexikanische-musik.de\/mx\/wp-json\/wp\/v2\/pages\/60"}],"collection":[{"href":"https:\/\/mexikanische-musik.de\/mx\/wp-json\/wp\/v2\/pages"}],"about":[{"href":"https:\/\/mexikanische-musik.de\/mx\/wp-json\/wp\/v2\/types\/page"}],"author":[{"embeddable":true,"href":"https:\/\/mexikanische-musik.de\/mx\/wp-json\/wp\/v2\/users\/1"}],"replies":[{"embeddable":true,"href":"https:\/\/mexikanische-musik.de\/mx\/wp-json\/wp\/v2\/comments?post=60"}],"version-history":[{"count":7,"href":"https:\/\/mexikanische-musik.de\/mx\/wp-json\/wp\/v2\/pages\/60\/revisions"}],"predecessor-version":[{"id":315,"href":"https:\/\/mexikanische-musik.de\/mx\/wp-json\/wp\/v2\/pages\/60\/revisions\/315"}],"wp:attachment":[{"href":"https:\/\/mexikanische-musik.de\/mx\/wp-json\/wp\/v2\/media?parent=60"}],"curies":[{"name":"wp","href":"https:\/\/api.w.org\/{rel}","templated":true}]}}