{"id":48,"date":"2017-12-11T16:04:27","date_gmt":"2017-12-11T15:04:27","guid":{"rendered":"https:\/\/mexikanische-musik.de\/v2\/?page_id=48"},"modified":"2017-12-29T18:54:33","modified_gmt":"2017-12-29T17:54:33","slug":"impressum","status":"publish","type":"page","link":"https:\/\/mexikanische-musik.de\/mx\/impressum\/","title":{"rendered":"Impressum"},"content":{"rendered":"<p>Inhaber: Jose Javier Reyes<br \/>\nSchwalbenweg 2<br \/>\n50126 Bergheim<br \/>\nDeutschland <\/p>\n<p>Tel.: 02271 836 186 * Mobil ; 0173 77 32 216<br \/>\nE-Mail: <a href=\"javascript:;\" data-dce=\"7a726b76786e6176667075727a6866767823747a6e76792e70627a\">Direcci\u00f3n<\/a><\/p>\n<p>Umsatzsteuer-Identifikationsnummer gem\u00e4\u00df \u00a7 27 a Umsatzsteuergesetz:<br \/>\nSteuernummer : 203\/5258\/1141  *  Ust-IdNr., DE 198889167<br \/>\nGerichtsstand: K\u00f6ln<\/p>\n<p>Diese Seite wurde erstellt durch VisionWebProject.<br \/>\n<a href=\"javascript:;\" data-dce=\"76617362236976667662616a726f636562777270672e7172\">Direcci\u00f3n<\/a><\/p>\n<p>Fotos: \u00a9die_deutschlehrer    \u00a9agentur werkstaette Aachen\/Jannik Emmerich<\/p>\n<p>Rechtliches.<\/p>\n<p>Der Inhalt dieser Website ist urheberrechtlich gesch\u00fctzt. Alle Rechte, auch der \u00dcbersetzung der Webseite, des Nachdrucks und der Vervielf\u00e4ltigung des Inhalts oder Teilen daraus, sind vorbehalten. Der Inhalt dieser Seite darf in keiner Form ohne schriftliche Genehmigung reproduziert oder verarbeitet, vervielf\u00e4ltigt oder verbreitet werden.<br \/>\nObwohl die Inhalte dieser Seiten mit gr\u00f6\u00dftm\u00f6glicher Sorgfalt erstellt worden sind, \u00fcbernimmt der Betreiber der Webseite keine Haftung f\u00fcr deren Aktualit\u00e4t, Vollst\u00e4ndigkeit und Richtigkeit.<br \/>\nDiese Seiten k\u00f6nnen auch Links zu externen Webseiten enthalten. Auf deren Inhalt haben wir keinen Einfluss. Aus diesem Grund k\u00f6nnen wir f\u00fcr diese fremden Inhalte auch keinerlei Haftung \u00fcbernehmen. F\u00fcr diese Inhalte ist der jeweilige Anbieter bzw. Betreiber verantwortlich.<br \/>\n<\/p>","protected":false},"excerpt":{"rendered":"<p>Inhaber: Jose Javier Reyes Schwalbenweg 2 50126 Bergheim Deutschland Tel.: 02271 836 186 * Mobil ; 0173 77 32 216 E-Mail: Direcci\u00f3n Umsatzsteuer-Identifikationsnummer gem\u00e4\u00df \u00a7 27 a Umsatzsteuergesetz: Steuernummer : 203\/5258\/1141 * Ust-IdNr., DE 198889167 Gerichtsstand: K\u00f6ln Diese Seite wurde erstellt durch VisionWebProject. Direcci\u00f3n Fotos: \u00a9die_deutschlehrer \u00a9agentur werkstaette Aachen\/Jannik Emmerich Rechtliches. Der Inhalt dieser Website [&hellip;]<\/p>\n","protected":false},"author":1,"featured_media":0,"parent":0,"menu_order":0,"comment_status":"closed","ping_status":"closed","template":"","meta":[],"_links":{"self":[{"href":"https:\/\/mexikanische-musik.de\/mx\/wp-json\/wp\/v2\/pages\/48"}],"collection":[{"href":"https:\/\/mexikanische-musik.de\/mx\/wp-json\/wp\/v2\/pages"}],"about":[{"href":"https:\/\/mexikanische-musik.de\/mx\/wp-json\/wp\/v2\/types\/page"}],"author":[{"embeddable":true,"href":"https:\/\/mexikanische-musik.de\/mx\/wp-json\/wp\/v2\/users\/1"}],"replies":[{"embeddable":true,"href":"https:\/\/mexikanische-musik.de\/mx\/wp-json\/wp\/v2\/comments?post=48"}],"version-history":[{"count":4,"href":"https:\/\/mexikanische-musik.de\/mx\/wp-json\/wp\/v2\/pages\/48\/revisions"}],"predecessor-version":[{"id":238,"href":"https:\/\/mexikanische-musik.de\/mx\/wp-json\/wp\/v2\/pages\/48\/revisions\/238"}],"wp:attachment":[{"href":"https:\/\/mexikanische-musik.de\/mx\/wp-json\/wp\/v2\/media?parent=48"}],"curies":[{"name":"wp","href":"https:\/\/api.w.org\/{rel}","templated":true}]}}