{"id":371,"date":"2018-06-14T07:28:46","date_gmt":"2018-06-14T06:28:46","guid":{"rendered":"https:\/\/mexikanische-musik.de\/?page_id=371"},"modified":"2018-06-14T07:29:28","modified_gmt":"2018-06-14T06:29:28","slug":"datenschutz","status":"publish","type":"page","link":"https:\/\/mexikanische-musik.de\/mx\/datenschutz\/","title":{"rendered":"(Deutsch) Datenschutzerkl\u00e4rung"},"content":{"rendered":"<p class=\"qtranxs-available-languages-message qtranxs-available-languages-message-mx\">Disculpa, pero esta entrada est\u00e1 disponible s\u00f3lo en <a href=\"https:\/\/mexikanische-musik.de\/de\/wp-json\/wp\/v2\/pages\/371\" class=\"qtranxs-available-language-link qtranxs-available-language-link-de\" title=\"Deutsch\">Alem\u00e1n<\/a>.<\/p>","protected":false},"excerpt":{"rendered":"<p>Disculpa, pero esta entrada est\u00e1 disponible s\u00f3lo en Alem\u00e1n.<\/p>\n","protected":false},"author":2,"featured_media":0,"parent":0,"menu_order":0,"comment_status":"closed","ping_status":"closed","template":"","meta":[],"_links":{"self":[{"href":"https:\/\/mexikanische-musik.de\/mx\/wp-json\/wp\/v2\/pages\/371"}],"collection":[{"href":"https:\/\/mexikanische-musik.de\/mx\/wp-json\/wp\/v2\/pages"}],"about":[{"href":"https:\/\/mexikanische-musik.de\/mx\/wp-json\/wp\/v2\/types\/page"}],"author":[{"embeddable":true,"href":"https:\/\/mexikanische-musik.de\/mx\/wp-json\/wp\/v2\/users\/2"}],"replies":[{"embeddable":true,"href":"https:\/\/mexikanische-musik.de\/mx\/wp-json\/wp\/v2\/comments?post=371"}],"version-history":[{"count":1,"href":"https:\/\/mexikanische-musik.de\/mx\/wp-json\/wp\/v2\/pages\/371\/revisions"}],"predecessor-version":[{"id":372,"href":"https:\/\/mexikanische-musik.de\/mx\/wp-json\/wp\/v2\/pages\/371\/revisions\/372"}],"wp:attachment":[{"href":"https:\/\/mexikanische-musik.de\/mx\/wp-json\/wp\/v2\/media?parent=371"}],"curies":[{"name":"wp","href":"https:\/\/api.w.org\/{rel}","templated":true}]}}