{"id":28,"date":"2017-12-11T14:38:40","date_gmt":"2017-12-11T13:38:40","guid":{"rendered":"https:\/\/mexikanische-musik.de\/v2\/?page_id=28"},"modified":"2021-03-01T06:20:43","modified_gmt":"2021-03-01T05:20:43","slug":"angebot","status":"publish","type":"page","link":"https:\/\/mexikanische-musik.de\/mx\/angebot\/","title":{"rendered":"Propuesta"},"content":{"rendered":"<p><strong>Nuestros grupos musicales se acoplan a las necesidades de los clientes as\u00ed como al tipo de evento en el que actuamos.<\/strong><\/p>\n<p><strong>La formaci\u00f3n mas peque\u00f1a es como D\u00fao, Guitarra R\u00edtmica y Requinto que lleva la melod\u00eda. El formato ideal para eventos como Bodas y Cumplea\u00f1os.<\/strong><\/p>\n<p><img loading=\"lazy\" class=\"size-medium wp-image-12 alignleft\" src=\"https:\/\/mexikanische-musik.de\/v2\/wp-content\/uploads\/2017\/12\/CIMG3969-300x225.jpg\" alt=\"mexikanischen Fiesta\" width=\"300\" height=\"225\" srcset=\"https:\/\/mexikanische-musik.de\/v2\/wp-content\/uploads\/2017\/12\/CIMG3969-300x225.jpg 300w, https:\/\/mexikanische-musik.de\/v2\/wp-content\/uploads\/2017\/12\/CIMG3969.jpg 500w\" sizes=\"(max-width: 300px) 100vw, 300px\" \/><\/p>\n<p>&nbsp;<\/p>\n<p>&nbsp;<\/p>\n<p>&nbsp;<\/p>\n<p>&nbsp;<\/p>\n<p>&nbsp;<\/p>\n<p>&nbsp;<\/p>\n<p>&nbsp;<\/p>\n<p><strong>Un Trio de Cuerdas es un formato musical mas completo donde hay Guitarron y dos Instrumentos complementarios de cuerda creando asi un sonido mas completo.<\/strong><\/p>\n<p><img loading=\"lazy\" class=\"wp-image-11 size-medium alignright\" src=\"https:\/\/mexikanische-musik.de\/v2\/wp-content\/uploads\/2017\/12\/CIMG2721-300x225.jpg\" alt=\"Trio - Mariachi\" width=\"300\" height=\"225\" srcset=\"https:\/\/mexikanische-musik.de\/v2\/wp-content\/uploads\/2017\/12\/CIMG2721-300x225.jpg 300w, https:\/\/mexikanische-musik.de\/v2\/wp-content\/uploads\/2017\/12\/CIMG2721.jpg 500w\" sizes=\"(max-width: 300px) 100vw, 300px\" \/><\/p>\n<p>&nbsp;<\/p>\n<p>&nbsp;<\/p>\n<p>&nbsp;<\/p>\n<p>&nbsp;<\/p>\n<p>&nbsp;<\/p>\n<p>&nbsp;<\/p>\n<p>&nbsp;<\/p>\n<p><strong>El Mariachi es un grupo musical conformado al menos por cuatro Instrumentos b\u00e1sicos ; Guitarr\u00f3n, Vihuela, Violin \/ Guitarra y Trompeta. Con esta formaci\u00f3n es posible interpretar de la mejor forma el repertorio t\u00edpico de M\u00e9xico.<\/strong><\/p>\n<p>&nbsp;<\/p>\n<p><img loading=\"lazy\" class=\"aligncenter wp-image-290 size-large\" src=\"https:\/\/mexikanische-musik.de\/v2\/images\/angebot.jpg\" alt=\"\" width=\"1024\" height=\"576\" \/><\/p>\n<p>&nbsp;<\/p>\n<p><strong>En cualquiera de nuestras formaciones musicales hay un cantante, coros y somos el acompa\u00f1amiento perfecto para cualquier evento p\u00fablico \u00f3 privado que tenga un ambiente festivo con sabor a M\u00e9xico.<\/strong><\/p>\n<p>&nbsp;<\/p>\n<p style=\"text-align: center;\"><strong><span style=\"color: #008000;\">Dejese llevar por una autentica Fiesta Mexicana<\/span><\/strong><\/p>\n<p><\/p>","protected":false},"excerpt":{"rendered":"<p>Nuestros grupos musicales se acoplan a las necesidades de los clientes as\u00ed como al tipo de evento en el que actuamos. La formaci\u00f3n mas peque\u00f1a es como D\u00fao, Guitarra R\u00edtmica y Requinto que lleva la melod\u00eda. El formato ideal para eventos como Bodas y Cumplea\u00f1os. &nbsp; &nbsp; &nbsp; &nbsp; &nbsp; &nbsp; &nbsp; Un Trio de [&hellip;]<\/p>\n","protected":false},"author":1,"featured_media":0,"parent":0,"menu_order":0,"comment_status":"closed","ping_status":"closed","template":"","meta":[],"_links":{"self":[{"href":"https:\/\/mexikanische-musik.de\/mx\/wp-json\/wp\/v2\/pages\/28"}],"collection":[{"href":"https:\/\/mexikanische-musik.de\/mx\/wp-json\/wp\/v2\/pages"}],"about":[{"href":"https:\/\/mexikanische-musik.de\/mx\/wp-json\/wp\/v2\/types\/page"}],"author":[{"embeddable":true,"href":"https:\/\/mexikanische-musik.de\/mx\/wp-json\/wp\/v2\/users\/1"}],"replies":[{"embeddable":true,"href":"https:\/\/mexikanische-musik.de\/mx\/wp-json\/wp\/v2\/comments?post=28"}],"version-history":[{"count":12,"href":"https:\/\/mexikanische-musik.de\/mx\/wp-json\/wp\/v2\/pages\/28\/revisions"}],"predecessor-version":[{"id":439,"href":"https:\/\/mexikanische-musik.de\/mx\/wp-json\/wp\/v2\/pages\/28\/revisions\/439"}],"wp:attachment":[{"href":"https:\/\/mexikanische-musik.de\/mx\/wp-json\/wp\/v2\/media?parent=28"}],"curies":[{"name":"wp","href":"https:\/\/api.w.org\/{rel}","templated":true}]}}