{"id":1,"date":"2017-12-07T00:04:22","date_gmt":"2017-12-06T23:04:22","guid":{"rendered":"https:\/\/mexikanische-musik.de\/v2\/?page_id=1"},"modified":"2021-03-01T06:06:44","modified_gmt":"2021-03-01T05:06:44","slug":"inicio","status":"publish","type":"page","link":"https:\/\/mexikanische-musik.de\/mx\/","title":{"rendered":"Inicio"},"content":{"rendered":"<p><\/p>\n<div class=\"col\">\n<h1>Feiern Sie<br \/><strong>mexikanisch!!<\/strong><\/h1>\n<p>&nbsp;<\/p>\n<h2>Bienvenidos a la Fiesta Mexicana<\/h2>\n<p>No existe ninguna palabra que ligue mas a M\u00e9xico como <strong><em>\u201cFiesta\u201c<\/em><\/strong> que es una forma diferente de celebrar y divertirse.<\/p>\n<p>Cuando pensamos en M\u00e9xico nos viene a la mente la m\u00fasica del Mariachi, la Danza y un ambiente lleno de fiesta y entusiasmo.<\/p>\n<p>Celebre en su pr\u00f3ximo evento a la \u201cmexicana\u201c y d\u00e9jese llevar por la alegr\u00eda de nuestro pa\u00eds con la t\u00edpica m\u00fasica del <strong><em>Mariachi<\/em><\/strong>.<\/p>\n<p><strong><em>Viva M\u00e9xico<\/em><\/strong> es una empresa de mexicanos que viven en Alemania desde hace m\u00e1s de 20 a\u00f1os. Hemos participado en mas de 2000 Fiestas como: Galas, Eventos de Negocios, Bodas, Cumplea\u00f1os as\u00ed como campa\u00f1as de Motivaci\u00f3n y Publicidad, siempre con el estilo de <strong><em>M\u00e9xico<\/em><\/strong>.<\/p>\n<p>Somos un puente entre M\u00e9xico y Alemania y ofrecemos una serie de servicios como: Planeaci\u00f3n de Eventos, Bar y Catering, Decoraci\u00f3n, Grupos de Baile y especialmente nuestro grupo de <strong><em>Mariachi \u201cViva M\u00e9xico\u201c<\/em><\/strong>.<\/p>\n<p>Podemos tocar en diversas formaciones como D\u00fao, Tr\u00edo, Cuarteto o como un Mariachi completo. Nuestro repertorio esta conformado de una mezcla de Sones, Boleros, Rancheras y Cumbias que garantizan un ambiente aut\u00e9ntico mexicano.<\/p>\n<p>Nos encantar\u00eda ser parte de su pr\u00f3ximo evento para darle un sabor mexicano.<\/p>\n<p class=\"invite2\"><strong>Usted pone la Fiesta, \u00a1\u00a1\u00a1 Nosotros Repartimos la Alegr\u00eda !!!<\/strong><\/p>\n<\/div>\n<div class=\"col\">\n<div>\n<p>&nbsp;<\/p>\n<p>&nbsp;<\/p>\n<p>&nbsp;<\/p>\n<p>&nbsp;<\/p>\n<\/div>\n<p><img class=\"borde-rosa-del alignnone wp-image-196 size-full\" src=\"\/v2\/images\/home1.jpg\" alt=\"\" \/><br \/>\n<img class=\"borde-rosa-del alignnone wp-image-196 size-full\" src=\"\/v2\/images\/home3.jpg\" alt=\"\" \/><\/div>\n<p><\/p>","protected":false},"excerpt":{"rendered":"<p>Feiern Siemexikanisch!! &nbsp; Bienvenidos a la Fiesta Mexicana No existe ninguna palabra que ligue mas a M\u00e9xico como \u201cFiesta\u201c que es una forma diferente de celebrar y divertirse. Cuando pensamos en M\u00e9xico nos viene a la mente la m\u00fasica del Mariachi, la Danza y un ambiente lleno de fiesta y entusiasmo. Celebre en su pr\u00f3ximo [&hellip;]<\/p>\n","protected":false},"author":1,"featured_media":0,"parent":0,"menu_order":0,"comment_status":"closed","ping_status":"closed","template":"","meta":[],"_links":{"self":[{"href":"https:\/\/mexikanische-musik.de\/mx\/wp-json\/wp\/v2\/pages\/1"}],"collection":[{"href":"https:\/\/mexikanische-musik.de\/mx\/wp-json\/wp\/v2\/pages"}],"about":[{"href":"https:\/\/mexikanische-musik.de\/mx\/wp-json\/wp\/v2\/types\/page"}],"author":[{"embeddable":true,"href":"https:\/\/mexikanische-musik.de\/mx\/wp-json\/wp\/v2\/users\/1"}],"replies":[{"embeddable":true,"href":"https:\/\/mexikanische-musik.de\/mx\/wp-json\/wp\/v2\/comments?post=1"}],"version-history":[{"count":32,"href":"https:\/\/mexikanische-musik.de\/mx\/wp-json\/wp\/v2\/pages\/1\/revisions"}],"predecessor-version":[{"id":417,"href":"https:\/\/mexikanische-musik.de\/mx\/wp-json\/wp\/v2\/pages\/1\/revisions\/417"}],"wp:attachment":[{"href":"https:\/\/mexikanische-musik.de\/mx\/wp-json\/wp\/v2\/media?parent=1"}],"curies":[{"name":"wp","href":"https:\/\/api.w.org\/{rel}","templated":true}]}}