{"id":7,"date":"2017-12-11T14:22:03","date_gmt":"2017-12-11T13:22:03","guid":{"rendered":"https:\/\/mexikanische-musik.de\/v2\/?page_id=7"},"modified":"2018-01-03T13:13:43","modified_gmt":"2018-01-03T12:13:43","slug":"musik","status":"publish","type":"page","link":"https:\/\/mexikanische-musik.de\/de\/musik\/","title":{"rendered":"Musik"},"content":{"rendered":"<p><strong>Es gibt kaum ein anderes Wort, das man so stark mit <span style=\"color: #008000;\">Mexiko<\/span> verbindet wie den Begriff der <span style=\"color: #008000;\">&#8222;Fiesta&#8220;<\/span>. Die Fiesta liegt in der Natur der <span style=\"color: #008000;\">Mexikaner<\/span> und sie finden immer einen Grund zu feiern. Dabei d\u00fcrfen der Tanz und die typische Musik nicht fehlen.<\/strong><\/p>\n<p><img loading=\"lazy\" class=\"alignnone size-medium wp-image-210\" src=\"https:\/\/mexikanische-musik.de\/v2\/wp-content\/uploads\/2017\/12\/g2-300x210.jpg\" alt=\"\" width=\"300\" height=\"210\" srcset=\"https:\/\/mexikanische-musik.de\/v2\/wp-content\/uploads\/2017\/12\/g2-300x210.jpg 300w, https:\/\/mexikanische-musik.de\/v2\/wp-content\/uploads\/2017\/12\/g2-768x538.jpg 768w, https:\/\/mexikanische-musik.de\/v2\/wp-content\/uploads\/2017\/12\/g2.jpg 1000w\" sizes=\"(max-width: 300px) 100vw, 300px\" \/><\/p>\n<p><strong>Aus Liebe zur Fiesta gr\u00fcndeten wir deshalb vor zwanzig Jahren die Gruppe Los Mexicanos.<\/strong><\/p>\n<p>&nbsp;<\/p>\n<p>&nbsp;<\/p>\n<p><img loading=\"lazy\" class=\"borde-rosa-del alignright\" src=\"https:\/\/mexikanische-musik.de\/v2\/wp-content\/uploads\/2017\/12\/Kopie-von-Trio-1-Kopie-2-300x225.jpg\" alt=\"Mariachi - Deutschland\" width=\"300\" height=\"225\" \/><\/p>\n<p>&nbsp;<\/p>\n<p><strong>Wir k\u00f6nnen als Duo, Trio, Quartet oder als Mariachi Kapelle spielen. Durch diese Erfahrung sind wir geeignete Begleiter f\u00fcr jede \u00f6ffentliche oder private Veranstaltung, die ein Fiesta-Gef\u00fchl erhalten soll.<\/strong><\/p>\n<p>&nbsp;<\/p>\n<p>&nbsp;<\/p>\n<p>&nbsp;<\/p>\n<p><strong>Unser Repertoire mexikanischer Musik besteht aus einer Mischung aus Sones, Boleros, Rancheras, Cumbias, Rumbas und s\u00fcdamerikanischer Musik mit einer typischen Kombination aus Gesang, Gitarre und traditionellen Perkussions-Instrumenten.<\/strong><\/p>\n<p><img loading=\"lazy\" class=\"alignnone size-medium wp-image-13\" src=\"https:\/\/mexikanische-musik.de\/v2\/wp-content\/uploads\/2017\/12\/CIMG4061-300x225.jpg\" alt=\"Mariachi - Mexiko\" width=\"300\" height=\"225\" srcset=\"https:\/\/mexikanische-musik.de\/v2\/wp-content\/uploads\/2017\/12\/CIMG4061-300x225.jpg 300w, https:\/\/mexikanische-musik.de\/v2\/wp-content\/uploads\/2017\/12\/CIMG4061.jpg 500w\" sizes=\"(max-width: 300px) 100vw, 300px\" \/><\/p>\n<p>&nbsp;<\/p>\n<p>&nbsp;<\/p>\n<p style=\"text-align: center;\"><span style=\"color: #008000;\"><strong>Wir freuen uns darauf, mit Ihnen gemeinsam eine Fiesta zu feiern <\/strong><\/span><\/p>\n<p><span style=\"color: #008000;\"><a href=\"https:\/\/mexikanische-musik.de\/v2\/kontakt\/\"><strong>Kontaktieren Sie uns!<\/strong><\/a><br \/>\n<\/span><\/p>\n<p>&nbsp;<\/p>\n<p>&nbsp;<\/p>\n<ul>\n<li><strong>\u00a0Mexikanisches Duo, Trio, Quartett<\/strong><\/li>\n<li><strong>Mexikanische Mariachie-Gruppen<\/strong><\/li>\n<li><strong>Mexikanische Tanzgruppen<\/strong><\/li>\n<\/ul>\n<p><\/p>","protected":false},"excerpt":{"rendered":"<p>Es gibt kaum ein anderes Wort, das man so stark mit Mexiko verbindet wie den Begriff der &#8222;Fiesta&#8220;. Die Fiesta liegt in der Natur der Mexikaner und sie finden immer einen Grund zu feiern. Dabei d\u00fcrfen der Tanz und die typische Musik nicht fehlen. Aus Liebe zur Fiesta gr\u00fcndeten wir deshalb vor zwanzig Jahren die [&hellip;]<\/p>\n","protected":false},"author":1,"featured_media":0,"parent":0,"menu_order":0,"comment_status":"closed","ping_status":"closed","template":"","meta":[],"_links":{"self":[{"href":"https:\/\/mexikanische-musik.de\/de\/wp-json\/wp\/v2\/pages\/7"}],"collection":[{"href":"https:\/\/mexikanische-musik.de\/de\/wp-json\/wp\/v2\/pages"}],"about":[{"href":"https:\/\/mexikanische-musik.de\/de\/wp-json\/wp\/v2\/types\/page"}],"author":[{"embeddable":true,"href":"https:\/\/mexikanische-musik.de\/de\/wp-json\/wp\/v2\/users\/1"}],"replies":[{"embeddable":true,"href":"https:\/\/mexikanische-musik.de\/de\/wp-json\/wp\/v2\/comments?post=7"}],"version-history":[{"count":40,"href":"https:\/\/mexikanische-musik.de\/de\/wp-json\/wp\/v2\/pages\/7\/revisions"}],"predecessor-version":[{"id":333,"href":"https:\/\/mexikanische-musik.de\/de\/wp-json\/wp\/v2\/pages\/7\/revisions\/333"}],"wp:attachment":[{"href":"https:\/\/mexikanische-musik.de\/de\/wp-json\/wp\/v2\/media?parent=7"}],"curies":[{"name":"wp","href":"https:\/\/api.w.org\/{rel}","templated":true}]}}