{"id":60,"date":"2017-12-11T16:21:21","date_gmt":"2017-12-11T15:21:21","guid":{"rendered":"https:\/\/mexikanische-musik.de\/v2\/?page_id=60"},"modified":"2018-01-01T14:42:52","modified_gmt":"2018-01-01T13:42:52","slug":"repertoire","status":"publish","type":"page","link":"https:\/\/mexikanische-musik.de\/de\/repertoire\/","title":{"rendered":"Repertoire"},"content":{"rendered":"<p><strong>Wir k\u00f6nnen als Duo, Trio, Quartet oder als <span style=\"color: #008000;\">Mariachi Kapelle<\/span> spielen. Durch diese Erfahrung sind wir geeignete Begleiter f\u00fcr jede \u00f6ffentliche oder private Veranstaltung, die ein Fiesta-Gef\u00fchl erhalten soll.<\/strong><\/p>\n<p><img loading=\"lazy\" class=\"alignright wp-image-16\" src=\"https:\/\/mexikanische-musik.de\/v2\/wp-content\/uploads\/2017\/12\/IMG_1723-300x200.jpg\" alt=\"\" width=\"315\" height=\"210\" \/><\/p>\n<p>&nbsp;<\/p>\n<p><img loading=\"lazy\" class=\"alignnone size-medium wp-image-209\" src=\"https:\/\/mexikanische-musik.de\/v2\/wp-content\/uploads\/2017\/12\/g5-300x210.jpg\" alt=\"\" width=\"300\" height=\"210\" srcset=\"https:\/\/mexikanische-musik.de\/v2\/wp-content\/uploads\/2017\/12\/g5-300x210.jpg 300w, https:\/\/mexikanische-musik.de\/v2\/wp-content\/uploads\/2017\/12\/g5-768x538.jpg 768w, https:\/\/mexikanische-musik.de\/v2\/wp-content\/uploads\/2017\/12\/g5.jpg 1000w\" sizes=\"(max-width: 300px) 100vw, 300px\" \/><\/p>\n<p><strong>Unser Repertoire mexikanischer Musik besteht aus einer Mischung aus Sones, Boleros, Rancheras, Cumbias, Rumbas und s\u00fcdamerikanischer Musik mit einer typischen Kombination aus Gesang, Gitarre und traditionellen Perkussions-Instrumenten.<\/strong><\/p>\n<p><strong>Wir freuen uns darauf, mit Ihnen gemeinsam eine Fiesta zu feiern.<\/strong><\/p>\n<p>&nbsp;<\/p>\n<p><img loading=\"lazy\" class=\"size-medium wp-image-15 alignright\" src=\"https:\/\/mexikanische-musik.de\/v2\/wp-content\/uploads\/2017\/12\/IMG_0251.jpga_-300x225.jpg\" alt=\"\" width=\"300\" height=\"225\" \/><\/p>\n<p><strong>Einige Beispiele aus unserem Repertoire:<\/strong><\/p>\n<p><strong>Boleros: Perfidia , Besame Mucho , La Paloma ,Solamente una vez, La Barca, Cuando vuelva a tu lado, Cuando calienta el sol, Contigo aprendi, El Reloj, Sabor a mi.<\/strong><\/p>\n<p><strong>Corridos: La Adelita, Rancho Grande, Juan Charrasqueado, Corrido de Pancho Rivera, El Ausente, Camelia la Texana, La Puerta Negra.<\/strong><\/p>\n<p><strong>Huapangos:\u00a0 El Jinete, Cielo rojo, El Cascabel, La Malague\u00f1a, Serenata Huasteca, Cucurucucu Paloma, La Llorona.<\/strong><\/p>\n<p><strong>Rancheras: Las Ma\u00f1anitas, El Rey, Volver volver, No Volvere, La Tuna, Fallaste Corazon, M\u00e9xico Lindo y Querido, Probablemente, La Media Vuelta, Pa todo el a\u00f1o, Amor eterno, La Barca de Oro, De Que Manera Te Olvido, Si Nos Dejan, Amaneci Otra Vez.<\/strong><\/p>\n<p><strong>Ritmicas: Quien Ser\u00e1 , La Bamba , Guantanamera , La Cucaracha , Quizas Quizas La Cucaracha, Cielito Lindo , Maria Isabel , La Mucara, Popurri Cha Cha Cha, Baila Baila, Moliendo Cafe, Desperado, Popurri Cumbias.<\/strong><\/p>\n<p><img loading=\"lazy\" class=\"size-medium wp-image-284 alignleft\" src=\"https:\/\/mexikanische-musik.de\/v2\/wp-content\/uploads\/2017\/12\/N\u00fcrnberg-300x225.jpg\" alt=\"\" width=\"300\" height=\"225\" srcset=\"https:\/\/mexikanische-musik.de\/v2\/wp-content\/uploads\/2017\/12\/N\u00fcrnberg-300x225.jpg 300w, https:\/\/mexikanische-musik.de\/v2\/wp-content\/uploads\/2017\/12\/N\u00fcrnberg-768x576.jpg 768w, https:\/\/mexikanische-musik.de\/v2\/wp-content\/uploads\/2017\/12\/N\u00fcrnberg-1024x768.jpg 1024w\" sizes=\"(max-width: 300px) 100vw, 300px\" \/><\/p>\n<p><img loading=\"lazy\" class=\"size-medium wp-image-11 alignright\" src=\"https:\/\/mexikanische-musik.de\/v2\/wp-content\/uploads\/2017\/12\/CIMG2721-300x225.jpg\" alt=\"\" width=\"300\" height=\"225\" srcset=\"https:\/\/mexikanische-musik.de\/v2\/wp-content\/uploads\/2017\/12\/CIMG2721-300x225.jpg 300w, https:\/\/mexikanische-musik.de\/v2\/wp-content\/uploads\/2017\/12\/CIMG2721.jpg 500w\" sizes=\"(max-width: 300px) 100vw, 300px\" \/><\/p>\n<p>&nbsp;<\/p>","protected":false},"excerpt":{"rendered":"<p>Wir k\u00f6nnen als Duo, Trio, Quartet oder als Mariachi Kapelle spielen. Durch diese Erfahrung sind wir geeignete Begleiter f\u00fcr jede \u00f6ffentliche oder private Veranstaltung, die ein Fiesta-Gef\u00fchl erhalten soll. &nbsp; Unser Repertoire mexikanischer Musik besteht aus einer Mischung aus Sones, Boleros, Rancheras, Cumbias, Rumbas und s\u00fcdamerikanischer Musik mit einer typischen Kombination aus Gesang, Gitarre und [&hellip;]<\/p>\n","protected":false},"author":1,"featured_media":0,"parent":0,"menu_order":0,"comment_status":"closed","ping_status":"closed","template":"","meta":[],"_links":{"self":[{"href":"https:\/\/mexikanische-musik.de\/de\/wp-json\/wp\/v2\/pages\/60"}],"collection":[{"href":"https:\/\/mexikanische-musik.de\/de\/wp-json\/wp\/v2\/pages"}],"about":[{"href":"https:\/\/mexikanische-musik.de\/de\/wp-json\/wp\/v2\/types\/page"}],"author":[{"embeddable":true,"href":"https:\/\/mexikanische-musik.de\/de\/wp-json\/wp\/v2\/users\/1"}],"replies":[{"embeddable":true,"href":"https:\/\/mexikanische-musik.de\/de\/wp-json\/wp\/v2\/comments?post=60"}],"version-history":[{"count":7,"href":"https:\/\/mexikanische-musik.de\/de\/wp-json\/wp\/v2\/pages\/60\/revisions"}],"predecessor-version":[{"id":315,"href":"https:\/\/mexikanische-musik.de\/de\/wp-json\/wp\/v2\/pages\/60\/revisions\/315"}],"wp:attachment":[{"href":"https:\/\/mexikanische-musik.de\/de\/wp-json\/wp\/v2\/media?parent=60"}],"curies":[{"name":"wp","href":"https:\/\/api.w.org\/{rel}","templated":true}]}}