{"id":50,"date":"2017-12-11T16:10:47","date_gmt":"2017-12-11T15:10:47","guid":{"rendered":"https:\/\/mexikanische-musik.de\/v2\/?page_id=50"},"modified":"2018-01-09T12:05:07","modified_gmt":"2018-01-09T11:05:07","slug":"referenz","status":"publish","type":"page","link":"https:\/\/mexikanische-musik.de\/de\/referenz\/","title":{"rendered":"Referenz"},"content":{"rendered":"<p>Mehr als 20 Jahre Erfahrung.<\/p>\n<div class=\"col\">\n<p><strong>TV, Video &amp; Filmauftritte seit 1992<\/strong><\/p>\n<ul>\n<li>RTL:\u00a0 \u201eDie ultimative Chart-Show\u201c \u00a0\u00a0\u00a0\u00a0\u00a0 Dezember 2005<\/li>\n<li>Die erfolgreichsten Silvesterknaller Dezember 2006<\/li>\n<li>RTL: \u00a0\u201eDie Oliver Geissen Show\u201c \u00a0\u00a0\u00a0\u00a0\u00a0\u00a0 \u00a0\u00a0\u00a0\u00a0 M\u00e4rz 2006<\/li>\n<li>Big Brother\u00a0\u00a0\u00a0\u00a0\u00a0\u00a0\u00a0\u00a0\u00a0\u00a0\u00a0\u00a0\u00a0\u00a0\u00a0\u00a0\u00a0\u00a0\u00a0\u00a0\u00a0\u00a0\u00a0\u00a0\u00a0\u00a0\u00a0\u00a0\u00a0\u00a0\u00a0\u00a0\u00a0\u00a0\u00a0\u00a0\u00a0\u00a0\u00a0\u00a0\u00a0\u00a0\u00a0\u00a0 \u00a0\u00a0\u00a0 Mai 2006<\/li>\n<li>Ultimative Chart Show \u2013 Die L\u00e4ngste Karriere alle Zeiten Januar 2009<\/li>\n<li>Einfach Bach mit Dirk Bach \u00a0 August 2009<\/li>\n<li>Pi Film Produktion Becker\/Sievert Gbr T- Online Video \u00a0 August 2010<\/li>\n<li>Bastian Pastewka \u2013 Serie \u2013 BRAINPOOL TV GmbH \u00a0\u00a0 Oktober 2010<\/li>\n<li>Picco Venga \u00a0\u00a0 Dezember 2010<\/li>\n<li>Mexikanische Mariachi und Tanz Messe Frankfurt \u00a0\u00a0 August 2011<\/li>\n<li>Oliver Welke ZDF Heute Show \u00a0\u00a0 August 2015<\/li>\n<li>Bully Herbig Bully Mach Buddy \u00a0\u00a0 September 2015<\/li>\n<li>Shine Germany Film \u201eJetzt wird Schr\u00e4g\u201c \u00a0\u00a0 Mai 2014<\/li>\n<\/ul>\n<\/div>\n<div class=\"col\"><img loading=\"lazy\" class=\"borde-rosa-del alignnone size-full wp-image-196\" src=\"https:\/\/mexikanische-musik.de\/v2\/wp-content\/uploads\/2017\/12\/Promi-1.jpg\" alt=\"\" width=\"263\" height=\"207\" \/><br \/>\nMit Dirk Bach<br \/>\n<img loading=\"lazy\" class=\"borde-rosa-del alignnone size-full wp-image-197\" src=\"https:\/\/mexikanische-musik.de\/v2\/wp-content\/uploads\/2017\/12\/Promi-2.jpg\" alt=\"\" width=\"263\" height=\"207\" \/><br \/>\nMit Bastian Pastewska<\/div>\n<div class=\"clr\"><\/div>\n<div class=\"col-inv\"><img loading=\"lazy\" class=\"borde-rosa-del alignnone size-full wp-image-199\" src=\"https:\/\/mexikanische-musik.de\/v2\/wp-content\/uploads\/2017\/12\/promi-4.jpg\" alt=\"\" width=\"263\" height=\"207\" \/><br \/>\nMit der S\u00e4nger Sasha<br \/>\n<img loading=\"lazy\" class=\"borde-rosa-del alignnone size-full wp-image-200\" src=\"https:\/\/mexikanische-musik.de\/v2\/wp-content\/uploads\/2017\/12\/promi-5.jpg\" alt=\"\" width=\"263\" height=\"207\" \/><br \/>\nMit Oliver Geissen<br \/>\n<img loading=\"lazy\" class=\"borde-rosa-del alignnone size-full wp-image-201\" src=\"https:\/\/mexikanische-musik.de\/v2\/wp-content\/uploads\/2017\/12\/promi-6.jpg\" alt=\"\" width=\"263\" height=\"207\" \/><br \/>\nMit Rick Kavanian<\/div>\n<div class=\"col-inv\">\n<p>Seit 1992 Dir Firma <span style=\"color: #008000;\"><strong>Viva Mexico<\/strong><\/span> hat in mehr als 2000 <span style=\"color: #008000;\">Fiestas<\/span> gespielt f\u00fcr Veranstaltungen alle Art wie; Galaabende, Betriebsfeste, Hochzeiten, Geburtstage, Motivations-Events, Aktionen, mexikanische Wochen, Werbepr\u00e4sentationen oder Veranstaltungen jeglicher Art mit mexikanischer Flair.<\/p>\n<p><strong>Ein Beispiel von unsere Kunden sind:<\/strong> Monte Mare, K\u00f6lner Zoo, Weisse Flotte D\u00fcsseldorf , Hotel ESPERANTO Kongress- und Kulturzentrum Fulda, Johanniterhaus Bonn Alten- und Pflegeheim, Bayer (Schweiz) AG, Golf Club Kambach \u2013 Eschweiler, Golf Club Aachen 1927 \u2013 Aachen, Electronic Arts \u2013 Aachen, M\u00f6bel Haus Ostermann GmbH \u2013 Hagen, Hotel Maritim \u2013 Bonn, Segussino Rustikale M\u00f6bel aus Mexiko \u2013 Dreibr\u00fcck, Perfum Escada GmbH \u2013 Bonn, Embatex \u2013 Frankfurt, K\u00f6lner Rote Garde Karneval Verein \u2013 K\u00f6ln, Hyatf Regency \u2013 K\u00f6ln, Arbeitsgemeinschaft Lateinamerika \u2013 K\u00f6ln, Deutsche Bank Bildungszentrum, Renault-Nissan \u2013 Br\u00fchl, Daimler Chrysler Werk \u2013 D\u00fcsseldorf, Maritimo Freizeitbad, Norddeich TV Produktion \u2013 H\u00fcrth, Frankfurt Galaxy Football Team \u2013 Frankfurt, Deutscher Fu\u00dfball-Bund \u2013 Frankfurt\/Main, ADVENIAT \u2013 Essen, Messe Frankfurt Exhibition GmbH, NAVITOURS \u2013 Luxemburg, Phantasialand , CEMEX D\u00fcsseldorf, Hotel K\u00f6nigshof \u2013 Bonn, Condor Flugdienst GmbH, SEMIKRON Elektronik N\u00fcrnberg, MUSIC COMPANY M\u00fcnchen, Kunsthalle W\u00fcrth K\u00fcnzelsau, M\u00f6bel Hausmann Bergheim, IKH Hagen, Constantin Entertainment GmbH, Breulinger D\u00fcsseldorf, Country Fest, Ramstein Kaserne, Unity Media K\u00f6ln, Blue Shell K\u00f6ln, Agentur Porsche Frankfurt, Tysenn Krupp Essen, Brainpool K\u00f6ln, VL Bodenseeschifffahrt \u00d6sterreich.<\/p>\n<div class=\"col50\"><img loading=\"lazy\" class=\"borde-rosa-del alignnone size-medium wp-image-352\" src=\"https:\/\/mexikanische-musik.de\/v2\/wp-content\/uploads\/2018\/01\/Bully-Herbig-300x225.jpg\" alt=\"\" width=\"300\" height=\"225\" srcset=\"https:\/\/mexikanische-musik.de\/v2\/wp-content\/uploads\/2018\/01\/Bully-Herbig-300x225.jpg 300w, https:\/\/mexikanische-musik.de\/v2\/wp-content\/uploads\/2018\/01\/Bully-Herbig-768x576.jpg 768w, https:\/\/mexikanische-musik.de\/v2\/wp-content\/uploads\/2018\/01\/Bully-Herbig.jpg 1024w\" sizes=\"(max-width: 300px) 100vw, 300px\" \/><br \/>\nMit Bully Herbig<\/div>\n<div class=\"col50\"><img loading=\"lazy\" class=\"borde-rosa-del alignnone size-medium wp-image-353\" src=\"https:\/\/mexikanische-musik.de\/v2\/wp-content\/uploads\/2018\/01\/Oliver-Welke-300x200.jpg\" alt=\"\" width=\"300\" height=\"200\" srcset=\"https:\/\/mexikanische-musik.de\/v2\/wp-content\/uploads\/2018\/01\/Oliver-Welke-300x200.jpg 300w, https:\/\/mexikanische-musik.de\/v2\/wp-content\/uploads\/2018\/01\/Oliver-Welke-768x511.jpg 768w, https:\/\/mexikanische-musik.de\/v2\/wp-content\/uploads\/2018\/01\/Oliver-Welke.jpg 867w\" sizes=\"(max-width: 300px) 100vw, 300px\" \/><br \/>\nMit Oliver Welke<br \/>\nZDF Heute Show<\/div>\n<\/div>\n<div class=\"clr\"><\/div>\n<p style=\"text-align: center;\"><strong style=\"color: #ff0000;\">Mexikanische Repr\u00e4sentanten in Deutschland<\/strong><\/p>\n<p>Bancomext Mexikanische Handelmission \u2013 Bonn, Mexikanische Botschaft \u2013 Bonn, Mexikanische Konsulat \u2013 Frankfurt, Mexikanische Kreis \u2013 N.R.W., Deutsch Mexikanische Gesellschaft \u2013 Bonn, Los Mexicanos \u2013 Hamburg, Ibero Club \u2013 BonnAmigos de M\u00e9xico Verein e.V.- Gelsenkirchen<\/p>\n<p style=\"text-align: center;\"><strong><span style=\"color: #ff0000;\">Vertreten bei folgenden K\u00fcnstler Agenturen<\/span><\/strong><\/p>\n<p>Feel Music Move Musik, Veranstaltungen Entertainment GmbH, K\u00fcnstleragentur Querspringer \u2013 K\u00f6ln, K\u00fcnstleragentur Claping Hands \u2013 K\u00f6ln, K\u00fcnstler Agenturen Beverly \u2013 K\u00f6ln, K\u00fcnstler Agentur GO \u2013 K\u00f6ln, RheinLust D\u00fcsseldorf, Unlimited Veranstaltungs-Service Duisburg, Wie\u00dfe Events \u2013 Biebertal, Energy Musik \u2013 Bad Honeff, Sky Musik Emsdetten, EMBASSY OF DREAMS FILMPRODUKTION GMBH, Agentur LIVETIME e.k. D\u00fcsseldorf, Kaiserzeit Eventagentur e. K. Wiesbaden, Event Total Wuppertal, ep communication GmbH K\u00f6ln<\/p>\n<p style=\"text-align: center;\"><strong><span style=\"color: #008000;\">Unsere Musiker traten bisher in mehr als 100 Restaurante Quer Deutschland.<\/span><\/strong><\/p>\n<p><img loading=\"lazy\" class=\"borde-rosa-del alignright wp-image-285\" src=\"https:\/\/mexikanische-musik.de\/v2\/wp-content\/uploads\/2017\/12\/TrioTonAnlage-300x225.jpg\" alt=\"\" width=\"300\" height=\"225\" srcset=\"https:\/\/mexikanische-musik.de\/v2\/wp-content\/uploads\/2017\/12\/TrioTonAnlage-300x225.jpg 300w, https:\/\/mexikanische-musik.de\/v2\/wp-content\/uploads\/2017\/12\/TrioTonAnlage-768x576.jpg 768w, https:\/\/mexikanische-musik.de\/v2\/wp-content\/uploads\/2017\/12\/TrioTonAnlage-1024x768.jpg 1024w, https:\/\/mexikanische-musik.de\/v2\/wp-content\/uploads\/2017\/12\/TrioTonAnlage.jpg 2048w\" sizes=\"(max-width: 300px) 100vw, 300px\" \/> <img loading=\"lazy\" class=\"borde-rosa-del alignleft wp-image-283 size-medium\" src=\"https:\/\/mexikanische-musik.de\/v2\/wp-content\/uploads\/2017\/12\/IMG_2609-225x300.jpg\" alt=\"\" width=\"225\" height=\"300\" srcset=\"https:\/\/mexikanische-musik.de\/v2\/wp-content\/uploads\/2017\/12\/IMG_2609-225x300.jpg 225w, https:\/\/mexikanische-musik.de\/v2\/wp-content\/uploads\/2017\/12\/IMG_2609-768x1024.jpg 768w, https:\/\/mexikanische-musik.de\/v2\/wp-content\/uploads\/2017\/12\/IMG_2609.jpg 1944w\" sizes=\"(max-width: 225px) 100vw, 225px\" \/> <img loading=\"lazy\" class=\"borde-rosa-del alignright wp-image-20 size-medium\" src=\"https:\/\/mexikanische-musik.de\/v2\/wp-content\/uploads\/2017\/12\/IMG_5700-225x300.jpg\" alt=\"\" width=\"225\" height=\"300\" srcset=\"https:\/\/mexikanische-musik.de\/v2\/wp-content\/uploads\/2017\/12\/IMG_5700-225x300.jpg 225w, https:\/\/mexikanische-musik.de\/v2\/wp-content\/uploads\/2017\/12\/IMG_5700.jpg 500w\" sizes=\"(max-width: 225px) 100vw, 225px\" \/><\/p>","protected":false},"excerpt":{"rendered":"<p>Mehr als 20 Jahre Erfahrung. TV, Video &amp; Filmauftritte seit 1992 RTL:\u00a0 \u201eDie ultimative Chart-Show\u201c \u00a0\u00a0\u00a0\u00a0\u00a0 Dezember 2005 Die erfolgreichsten Silvesterknaller Dezember 2006 RTL: \u00a0\u201eDie Oliver Geissen Show\u201c \u00a0\u00a0\u00a0\u00a0\u00a0\u00a0 \u00a0\u00a0\u00a0\u00a0 M\u00e4rz 2006 Big Brother\u00a0\u00a0\u00a0\u00a0\u00a0\u00a0\u00a0\u00a0\u00a0\u00a0\u00a0\u00a0\u00a0\u00a0\u00a0\u00a0\u00a0\u00a0\u00a0\u00a0\u00a0\u00a0\u00a0\u00a0\u00a0\u00a0\u00a0\u00a0\u00a0\u00a0\u00a0\u00a0\u00a0\u00a0\u00a0\u00a0\u00a0\u00a0\u00a0\u00a0\u00a0\u00a0\u00a0\u00a0 \u00a0\u00a0\u00a0 Mai 2006 Ultimative Chart Show \u2013 Die L\u00e4ngste Karriere alle Zeiten Januar 2009 Einfach Bach mit Dirk Bach \u00a0 August [&hellip;]<\/p>\n","protected":false},"author":1,"featured_media":0,"parent":0,"menu_order":0,"comment_status":"closed","ping_status":"closed","template":"","meta":[],"_links":{"self":[{"href":"https:\/\/mexikanische-musik.de\/de\/wp-json\/wp\/v2\/pages\/50"}],"collection":[{"href":"https:\/\/mexikanische-musik.de\/de\/wp-json\/wp\/v2\/pages"}],"about":[{"href":"https:\/\/mexikanische-musik.de\/de\/wp-json\/wp\/v2\/types\/page"}],"author":[{"embeddable":true,"href":"https:\/\/mexikanische-musik.de\/de\/wp-json\/wp\/v2\/users\/1"}],"replies":[{"embeddable":true,"href":"https:\/\/mexikanische-musik.de\/de\/wp-json\/wp\/v2\/comments?post=50"}],"version-history":[{"count":50,"href":"https:\/\/mexikanische-musik.de\/de\/wp-json\/wp\/v2\/pages\/50\/revisions"}],"predecessor-version":[{"id":357,"href":"https:\/\/mexikanische-musik.de\/de\/wp-json\/wp\/v2\/pages\/50\/revisions\/357"}],"wp:attachment":[{"href":"https:\/\/mexikanische-musik.de\/de\/wp-json\/wp\/v2\/media?parent=50"}],"curies":[{"name":"wp","href":"https:\/\/api.w.org\/{rel}","templated":true}]}}