{"id":28,"date":"2017-12-11T14:38:40","date_gmt":"2017-12-11T13:38:40","guid":{"rendered":"https:\/\/mexikanische-musik.de\/v2\/?page_id=28"},"modified":"2021-03-01T06:20:43","modified_gmt":"2021-03-01T05:20:43","slug":"angebot","status":"publish","type":"page","link":"https:\/\/mexikanische-musik.de\/de\/angebot\/","title":{"rendered":"Angebot"},"content":{"rendered":"<p><strong>Die Formation Unsere Musikgruppen ist abh\u00e4ngig von der Veranstaltungsart und der Bed\u00fcrfnisse der Kunden.<\/strong><\/p>\n<p><strong><span style=\"color: #008000;\">Die Duo-Formation<\/span> besteht aus einer rhythmischen Gitarre und aus einem Requinto. Es ist das ideale Format f\u00fcr Veranstaltungen wie Hochzeiten und Geburtstage.<\/strong><\/p>\n<p><img loading=\"lazy\" class=\"alignnone wp-image-12 size-medium\" src=\"https:\/\/mexikanische-musik.de\/v2\/wp-content\/uploads\/2017\/12\/CIMG3969-300x225.jpg\" alt=\"mexikanischen Fiesta\" width=\"300\" height=\"225\" srcset=\"https:\/\/mexikanische-musik.de\/v2\/wp-content\/uploads\/2017\/12\/CIMG3969-300x225.jpg 300w, https:\/\/mexikanische-musik.de\/v2\/wp-content\/uploads\/2017\/12\/CIMG3969.jpg 500w\" sizes=\"(max-width: 300px) 100vw, 300px\" \/><\/p>\n<p><img loading=\"lazy\" class=\"wp-image-11 size-medium alignright\" src=\"https:\/\/mexikanische-musik.de\/v2\/wp-content\/uploads\/2017\/12\/CIMG2721-300x225.jpg\" alt=\"Trio - Mariachi\" width=\"300\" height=\"225\" srcset=\"https:\/\/mexikanische-musik.de\/v2\/wp-content\/uploads\/2017\/12\/CIMG2721-300x225.jpg 300w, https:\/\/mexikanische-musik.de\/v2\/wp-content\/uploads\/2017\/12\/CIMG2721.jpg 500w\" sizes=\"(max-width: 300px) 100vw, 300px\" \/><\/p>\n<p>&nbsp;<\/p>\n<p>&nbsp;<\/p>\n<p><strong><span style=\"color: #008000;\">Ein Trio<\/span> ist ein musikalisches Format mit Guitarron und zwei komplement\u00e4ren Saiteninstrumente, die einen vollst\u00e4ndigeren Klang erzeugen.<\/strong><\/p>\n<p>&nbsp;<\/p>\n<p>&nbsp;<\/p>\n<p>&nbsp;<\/p>\n<p><strong><span style=\"color: #008000;\">Die Mariachi<\/span> ist eine Musikgruppe, die aus mindestens vier Grundinstrumenten besteht; Guitarr\u00f3n, Vihuela, Violine \/ Gitarre und Trompete. Mit dieser Formation ist es m\u00f6glich, das typische Repertoire Mexikos bestm\u00f6glich zu interpretieren.<\/strong><\/p>\n<p><span style=\"color: #008000;\"><img loading=\"lazy\" class=\"alignleft wp-image-290 size-large\" src=\"https:\/\/mexikanische-musik.de\/v2\/images\/angebot.jpg\" alt=\"\" width=\"1024\" height=\"576\" \/><\/span><\/p>\n<p><strong>In jeder unserer musikalischen Formationen gibt es einen S\u00e4nger, Ch\u00f6re und wir sind die perfekte Begleitung f\u00fcr jede \u00f6ffentliche oder private Veranstaltung, die eine festliche Atmosph\u00e4re mit mexikanischem Flair hat.<\/strong><\/p>\n<p>&nbsp;<\/p>\n<p style=\"text-align: center;\"><strong><span style=\"color: #008000;\">Lassen Sie sich von einer authentischen mexikan<\/span><span style=\"color: #008000;\">ischen Fiesta mitrei\u00dfen<\/span><\/strong><\/p>\n<p>&nbsp;<\/p>\n<p><span style=\"color: #008000;\"><strong> Kontaktieren Sie uns.<\/strong><br \/>\n<\/span><\/p>","protected":false},"excerpt":{"rendered":"<p>Die Formation Unsere Musikgruppen ist abh\u00e4ngig von der Veranstaltungsart und der Bed\u00fcrfnisse der Kunden. Die Duo-Formation besteht aus einer rhythmischen Gitarre und aus einem Requinto. Es ist das ideale Format f\u00fcr Veranstaltungen wie Hochzeiten und Geburtstage. &nbsp; &nbsp; Ein Trio ist ein musikalisches Format mit Guitarron und zwei komplement\u00e4ren Saiteninstrumente, die einen vollst\u00e4ndigeren Klang erzeugen. [&hellip;]<\/p>\n","protected":false},"author":1,"featured_media":0,"parent":0,"menu_order":0,"comment_status":"closed","ping_status":"closed","template":"","meta":[],"_links":{"self":[{"href":"https:\/\/mexikanische-musik.de\/de\/wp-json\/wp\/v2\/pages\/28"}],"collection":[{"href":"https:\/\/mexikanische-musik.de\/de\/wp-json\/wp\/v2\/pages"}],"about":[{"href":"https:\/\/mexikanische-musik.de\/de\/wp-json\/wp\/v2\/types\/page"}],"author":[{"embeddable":true,"href":"https:\/\/mexikanische-musik.de\/de\/wp-json\/wp\/v2\/users\/1"}],"replies":[{"embeddable":true,"href":"https:\/\/mexikanische-musik.de\/de\/wp-json\/wp\/v2\/comments?post=28"}],"version-history":[{"count":12,"href":"https:\/\/mexikanische-musik.de\/de\/wp-json\/wp\/v2\/pages\/28\/revisions"}],"predecessor-version":[{"id":439,"href":"https:\/\/mexikanische-musik.de\/de\/wp-json\/wp\/v2\/pages\/28\/revisions\/439"}],"wp:attachment":[{"href":"https:\/\/mexikanische-musik.de\/de\/wp-json\/wp\/v2\/media?parent=28"}],"curies":[{"name":"wp","href":"https:\/\/api.w.org\/{rel}","templated":true}]}}