{"id":1,"date":"2017-12-07T00:04:22","date_gmt":"2017-12-06T23:04:22","guid":{"rendered":"https:\/\/mexikanische-musik.de\/v2\/?page_id=1"},"modified":"2021-03-01T06:06:44","modified_gmt":"2021-03-01T05:06:44","slug":"inicio","status":"publish","type":"page","link":"https:\/\/mexikanische-musik.de\/de\/","title":{"rendered":"Inicio"},"content":{"rendered":"<p><\/p>\n<div class=\"col\">\n<h1>Feiern Sie<br \/>\n<strong>mexikanisch!!<\/strong><\/h1>\n<p>&nbsp;<\/p>\n<h2>Bienvenidos a la Fiesta Mexicana<\/h2>\n<h2>Mexikanische Musik<\/h2>\n<p><strong>&#8222;Fiesta&#8220;<\/strong> &#8211; wohl kaum ein anderes Wort wird mehr in Verbindung mit Mexiko gebracht.<\/p>\n<p>Es bedeutet in eine besondere Atmosph\u00e4re einzutauchen und Spa\u00df aufeine neue Art zu haben.<\/p>\n<p>Bei eine <strong><em>Fiesta Mexicana<\/em><\/strong> denkt man sofort an einer <strong><em>Mariachi Gruppe<\/em><\/strong>, <strong><em>mexikanische<\/em><\/strong> Musik, Tanz und ausgelassene Stimmung.<\/p>\n<p>M\u00f6chten sie bei ihrer n\u00e4chsten Feier einen kr\u00e4ftigen Schuss <strong>&#8222;FiestaMexicana&#8220;<\/strong> hineinbringen, dann treten sie mit uns in Kontakt.<\/p>\n<p>Wir verf\u00fcgen \u00fcber ein umfangreiches Repertoire an mexikanischer und lateinamerikanischer Musik, welche traditionelle, folkloristische und romantische Musik einschlie\u00dft aber immer den Schuss <strong><em>&#8222;Fiesta&#8220;<\/em><\/strong> Stimmung vermittelt.<\/p>\n<p><strong><em>Viva Mexico<\/em><\/strong> ist ein Unternehmen &#8211; Musikalisches Projekt \/ Mexikanische Musik &#8211; von <strong><em>Mexikanern<\/em><\/strong>, die in Deutschland leben. Seit 1992 haben wir in mehr als 2000 <strong><em>Fiestas Mexicanas<\/em><\/strong> gespielt wie Galaabende, Betriebsfeste, Hochzeiten, Geburtstage, Motivations-Events, Aktionen, mexikanische Wochen, Werbepr\u00e4sentationen oder Veranstaltungen jeglicher Art mit mexikanischer Flair.<\/p>\n<p class=\"invite1\">Wir freuen uns darauf, mit Ihnen gemeinsam eine <strong>Fiesta<\/strong> zu feiern.<\/p>\n<p class=\"invite2\"><strong>Lassen Sie sich zu einer original Fiesta Mexicana entf\u00fchren!<\/strong><\/p>\n<\/div>\n<div class=\"col\">\n<div>\n<p>&nbsp;<\/p>\n<p>&nbsp;<\/p>\n<p>&nbsp;<\/p>\n<p>&nbsp;<\/p>\n<\/div>\n<p><img class=\"borde-rosa-del alignnone wp-image-196 size-full\" src=\"\/v2\/images\/home1.jpg\" alt=\"mexikanische Musik\" \/><br \/>\n<img class=\"borde-rosa-del alignnone wp-image-196 size-full\" src=\"\/v2\/images\/home3.jpg\" alt=\"Mariachi Viva Mexico\" \/><\/p>\n<\/div>\n<p><\/p>","protected":false},"excerpt":{"rendered":"<p>Feiern Sie mexikanisch!! &nbsp; Bienvenidos a la Fiesta Mexicana Mexikanische Musik &#8222;Fiesta&#8220; &#8211; wohl kaum ein anderes Wort wird mehr in Verbindung mit Mexiko gebracht. Es bedeutet in eine besondere Atmosph\u00e4re einzutauchen und Spa\u00df aufeine neue Art zu haben. Bei eine Fiesta Mexicana denkt man sofort an einer Mariachi Gruppe, mexikanische Musik, Tanz und ausgelassene [&hellip;]<\/p>\n","protected":false},"author":1,"featured_media":0,"parent":0,"menu_order":0,"comment_status":"closed","ping_status":"closed","template":"","meta":[],"_links":{"self":[{"href":"https:\/\/mexikanische-musik.de\/de\/wp-json\/wp\/v2\/pages\/1"}],"collection":[{"href":"https:\/\/mexikanische-musik.de\/de\/wp-json\/wp\/v2\/pages"}],"about":[{"href":"https:\/\/mexikanische-musik.de\/de\/wp-json\/wp\/v2\/types\/page"}],"author":[{"embeddable":true,"href":"https:\/\/mexikanische-musik.de\/de\/wp-json\/wp\/v2\/users\/1"}],"replies":[{"embeddable":true,"href":"https:\/\/mexikanische-musik.de\/de\/wp-json\/wp\/v2\/comments?post=1"}],"version-history":[{"count":32,"href":"https:\/\/mexikanische-musik.de\/de\/wp-json\/wp\/v2\/pages\/1\/revisions"}],"predecessor-version":[{"id":417,"href":"https:\/\/mexikanische-musik.de\/de\/wp-json\/wp\/v2\/pages\/1\/revisions\/417"}],"wp:attachment":[{"href":"https:\/\/mexikanische-musik.de\/de\/wp-json\/wp\/v2\/media?parent=1"}],"curies":[{"name":"wp","href":"https:\/\/api.w.org\/{rel}","templated":true}]}}